{"id":50,"date":"2017-06-01T12:01:11","date_gmt":"2017-06-01T12:01:11","guid":{"rendered":"http:\/\/www.emil.ee\/?page_id=50"},"modified":"2025-10-23T07:17:07","modified_gmt":"2025-10-23T07:17:07","slug":"kutse-andmine","status":"publish","type":"page","link":"https:\/\/emil.ee\/?page_id=50","title":{"rendered":"Kutse andmine"},"content":{"rendered":"<h4>Insenerikutsete andmine<\/h4>\n<p>V\u00f5imalik on taotleda mehaanikainseneri (tase 6), diplomeeritud mehaanikainseneri (tase 7) ja volitatud mehaanikainseneri (tase 8) kutseid.<\/p>\n<p>Palume enne taotlusdokumentide esitamist tutvuda:<br \/>\n1. <a href=\"https:\/\/www.kutseregister.ee\/ctrl\/et\/KAO\/vaata\/10086660\" target=\"_blank\" rel=\"noopener noreferrer\">Kutsestandarditega<\/a><br \/>\n2. <a href=\"https:\/\/www.kutseregister.ee\/ctrl\/et\/KAO\/vaata\/10086660\" target=\"_blank\" rel=\"noopener noreferrer\">Kutsetunnistuste tasudega<\/a><br \/>\n3. <a href=\"https:\/\/www.kutseregister.ee\/ctrl\/et\/KAO\/vaata\/10086660\" target=\"_blank\" rel=\"noopener noreferrer\">Kutseandmise korraga<\/a><\/p>\n<p>Kutseid on v\u00f5imalik taotleda aastaringselt. Kutsekomisjoni istungid toimuvad aprillis ja oktoobris. L\u00e4htuvalt sellest on avalduste esitamise t\u00e4htajad j\u00e4rgmised:<br \/>\n<strong>2. aprill 2026<\/strong><br \/>\n<strong>2. oktoober 2026<\/strong><\/p>\n<p>Kui avaldus laekub enne esitamise t\u00e4htaega, vaadatakse taotlus l\u00e4bi j\u00e4rgmisel istungil ja taotleja saab kutsetunnistuse k\u00e4tte hiljemalt 2. n\u00e4dala jooksul peale istungi toimumist.<\/p>\n<p><strong>Makse rekvisiidid:<br \/>\n<\/strong>Saaja:\u00a0\u00a0\u00a0 Eesti Mehaanikainseneride Liit<br \/>\nKonto:\u00a0\u00a0 EE282200221026391307<br \/>\nSelgitus: Kutseomistamise tasu (taotleja nimi)<\/p>\n<p>Lisainfo ja n\u00f5ustamine: Moonika Asu , tel. 620 3633, email: <a href=\"mailto:moonika.asu@ttu.ee\">moonika.asu@taltech.ee<\/a><\/p>\n","protected":false},"excerpt":{"rendered":"<p>Insenerikutsete andmine V\u00f5imalik on taotleda mehaanikainseneri (tase 6), diplomeeritud mehaanikainseneri (tase 7) ja volitatud mehaanikainseneri (tase 8) kutseid. Palume enne taotlusdokumentide esitamist tutvuda: 1. Kutsestandarditega 2. Kutsetunnistuste tasudega 3. Kutseandmise korraga Kutseid on v\u00f5imalik taotleda aastaringselt. Kutsekomisjoni istungid toimuvad aprillis ja oktoobris. L\u00e4htuvalt sellest on avalduste esitamise t\u00e4htajad j\u00e4rgmised: 2. aprill 2026 2. oktoober 2026 [&hellip;]<\/p>\n","protected":false},"author":1,"featured_media":0,"parent":0,"menu_order":0,"comment_status":"closed","ping_status":"closed","template":"","meta":{"footnotes":""},"class_list":["post-50","page","type-page","status-publish","hentry","post-preview"],"_links":{"self":[{"href":"https:\/\/emil.ee\/index.php?rest_route=\/wp\/v2\/pages\/50","targetHints":{"allow":["GET"]}}],"collection":[{"href":"https:\/\/emil.ee\/index.php?rest_route=\/wp\/v2\/pages"}],"about":[{"href":"https:\/\/emil.ee\/index.php?rest_route=\/wp\/v2\/types\/page"}],"author":[{"embeddable":true,"href":"https:\/\/emil.ee\/index.php?rest_route=\/wp\/v2\/users\/1"}],"replies":[{"embeddable":true,"href":"https:\/\/emil.ee\/index.php?rest_route=%2Fwp%2Fv2%2Fcomments&post=50"}],"version-history":[{"count":5,"href":"https:\/\/emil.ee\/index.php?rest_route=\/wp\/v2\/pages\/50\/revisions"}],"predecessor-version":[{"id":309,"href":"https:\/\/emil.ee\/index.php?rest_route=\/wp\/v2\/pages\/50\/revisions\/309"}],"wp:attachment":[{"href":"https:\/\/emil.ee\/index.php?rest_route=%2Fwp%2Fv2%2Fmedia&parent=50"}],"curies":[{"name":"wp","href":"https:\/\/api.w.org\/{rel}","templated":true}]}}