{"id":68,"date":"2017-06-01T12:26:54","date_gmt":"2017-06-01T12:26:54","guid":{"rendered":"http:\/\/www.emil.ee\/?page_id=68"},"modified":"2024-08-26T10:01:43","modified_gmt":"2024-08-26T10:01:43","slug":"68-2","status":"publish","type":"page","link":"https:\/\/emil.ee\/?page_id=68","title":{"rendered":"Kutsete taotlemise ja taast\u00f5endamise eeltingimused"},"content":{"rendered":"<p>Kutse taotleja kompetentsus peab vastama loetletud eeltingimustele, mida t\u00f5endatakse haridust, t\u00f6\u00f6kogemust, t\u00e4ienduskoolitust ja varasemat kutsekvalifikatsiooni tegevust t\u00f5endavate dokumentidega.<\/p>\n<p><span style=\"color: #333399;\"><u><strong>Mehaanikainseneri kutse taotlemise eeltingimused<\/strong>:<\/u><\/span><br \/>\na) <strong>erialase k\u00f5rgharidus\u00f5ppe<\/strong> l\u00e4bimine ja erialane t\u00f6\u00f6kogemus <strong>v\u00e4hemalt 2 aastat<\/strong> vahetult enne taotlemist<\/p>\n<p><u><span style=\"color: #008000;\"><strong>Diplomeeritud mehaanikainseneri kutse taotlemise eeltingimused<\/strong><\/span>:<\/u><br \/>\na) <strong>erialase magistri\u00f5ppe<\/strong> l\u00e4bimine ja erialane t\u00f6\u00f6kogemus v\u00e4hemalt <strong>2 aastat<\/strong> vahetult enne taotlemist <span style=\"color: #0000ff;\"><strong>v\u00f5i<\/strong><\/span><br \/>\nb) mehaanikainsener,<strong> tase 6 kutse,<\/strong> erialane t\u00f6\u00f6kogemus v\u00e4hemalt <strong>2 aastat<\/strong> vahetult enne taotlemist ja erialane t\u00e4iendkoolitus (<strong>l\u00e4bitud viimase 7. aasta jooksul mahus 24 EAP + 30 TP<\/strong>). T\u00e4iend\u00f5ppe arvestamise juhend on leitav <a href=\"http:\/\/emil.ee\/wp-content\/uploads\/2023\/11\/Taiendoppe-arvestus.pdf\" target=\"_blank\" rel=\"noopener\">siit<\/a><\/p>\n<p><u><span style=\"color: #ff0000;\"><strong>Volitatud mehaanikainseneri kutse taotlemise eeltingimused<\/strong><\/span>:<\/u><br \/>\na) erialase<strong> doktori\u00f5ppe<\/strong> l\u00e4bimine, erialane t\u00f6\u00f6kogemus v\u00e4hemalt <strong>4 aastat<\/strong> vahetult enne taotlemist ja erialane t\u00e4iendkoolitus (<strong>l\u00e4bitud viimase 7. aasta jooksul mahus 6 EAP + 50 TP<\/strong>) juhul, kui doktorikraad on omandatud rohkem kui 7 aastat tagasi, <span style=\"color: #0000ff;\"><strong>v\u00f5i<\/strong><\/span><br \/>\nb) diplomeeritud mehaanikainseneri,<strong> tase 7 kutse<\/strong>, erialane t\u00f6\u00f6kogemus v\u00e4hemalt <strong>4 aastat<\/strong> vahetult enne taotlemist ja erialane t\u00e4iendkoolitus (<strong>l\u00e4bitud viimase 7. aasta jooksul mahus 6 EAP + 50 TP<\/strong>). T\u00e4iend\u00f5ppe arvestamise juhend on leitav <a href=\"http:\/\/emil.ee\/wp-content\/uploads\/2023\/11\/Taiendoppe-arvestus.pdf\" target=\"_blank\" rel=\"noopener\">siit<\/a><\/p>\n<p><u><span style=\"color: #333399;\"><strong>Mehaanikainseneri kutse\u00a0taast\u00f5endamise eeltingimused<\/strong><\/span>:<\/u><br \/>\na) Mehaanikainsener, <strong>tase 6 kutsetunnistus<\/strong> (kehtivuse t\u00e4htajast ei ole m\u00f6\u00f6dunud rohkem kui <strong>5 aastat<\/strong>), erialane t\u00f6\u00f6kogemus (<strong>v\u00e4hemalt 2 aastat<\/strong> vahetult enne taast\u00f5endamist) ja erialane t\u00e4iendkoolitus <strong>(l\u00e4bitud viimase 7. aasta jooksul mahus 30 TP v\u00f5i 2 EAP<\/strong>). T\u00e4iend\u00f5ppe arvestamise juhend on leitav <a href=\"http:\/\/emil.ee\/wp-content\/uploads\/2023\/11\/Taiendoppe-arvestus.pdf\" target=\"_blank\" rel=\"noopener\">siit<\/a><\/p>\n<p><u><span style=\"color: #008000;\"><strong>Diplomeeritud mehaanikainseneri kutse taast\u00f5endamise eeltingimused<\/strong><\/span>:<\/u><br \/>\na) Diplomeeritud mehaanikainsener, <strong>tase 7 kutsetunnistus<\/strong> (kehtivuse t\u00e4htajast ei ole m\u00f6\u00f6dunud rohkem kui <strong>5 aastat<\/strong>), erialane t\u00f6\u00f6kogemus (<strong>v\u00e4hemalt 2 aastat<\/strong> vahetult enne taast\u00f5endamist) ja erialane t\u00e4iendkoolitus (<strong>l\u00e4bitud viimase 7. aasta jooksul mahus 3 EAP + 30 TP<\/strong>). T\u00e4iend\u00f5ppe arvestamise juhend on leitav <a href=\"http:\/\/emil.ee\/wp-content\/uploads\/2023\/11\/Taiendoppe-arvestus.pdf\" target=\"_blank\" rel=\"noopener\">siit<\/a><\/p>\n<p><u><span style=\"color: #ff0000;\"><strong>Volitatud mehaanikainseneri kutse taast\u00f5endamise eeltingimused<\/strong><\/span>:<\/u><br \/>\na) Volitatud mehaanikainsener,<strong> tase 8 kutsetunnistus<\/strong> (kehtivuse t\u00e4htajast ei ole m\u00f6\u00f6dunud rohkem kui <strong>5 aastat<\/strong>), erialane t\u00f6\u00f6kogemus (<strong>v\u00e4hemalt 4 aastat<\/strong> vahetult enne taast\u00f5endamist) ja erialane t\u00e4iendkoolitus (<strong>l\u00e4bitud viimase 7. aasta jooksul mahus 6 EAP + 50 TP<\/strong>). T\u00e4iend\u00f5ppe arvestamise juhend on leitav<a href=\"http:\/\/emil.ee\/wp-content\/uploads\/2023\/11\/Taiendoppe-arvestus.pdf\" target=\"_blank\" rel=\"noopener\"> siit<\/a><\/p>\n<h4><\/h4>\n","protected":false},"excerpt":{"rendered":"<p>Kutse taotleja kompetentsus peab vastama loetletud eeltingimustele, mida t\u00f5endatakse haridust, t\u00f6\u00f6kogemust, t\u00e4ienduskoolitust ja varasemat kutsekvalifikatsiooni tegevust t\u00f5endavate dokumentidega. Mehaanikainseneri kutse taotlemise eeltingimused: a) erialase k\u00f5rgharidus\u00f5ppe l\u00e4bimine ja erialane t\u00f6\u00f6kogemus v\u00e4hemalt 2 aastat vahetult enne taotlemist Diplomeeritud mehaanikainseneri kutse taotlemise eeltingimused: a) erialase magistri\u00f5ppe l\u00e4bimine ja erialane t\u00f6\u00f6kogemus v\u00e4hemalt 2 aastat vahetult enne taotlemist v\u00f5i b) [&hellip;]<\/p>\n","protected":false},"author":1,"featured_media":0,"parent":50,"menu_order":0,"comment_status":"closed","ping_status":"closed","template":"","meta":{"footnotes":""},"class_list":["post-68","page","type-page","status-publish","hentry","post-preview"],"_links":{"self":[{"href":"https:\/\/emil.ee\/index.php?rest_route=\/wp\/v2\/pages\/68","targetHints":{"allow":["GET"]}}],"collection":[{"href":"https:\/\/emil.ee\/index.php?rest_route=\/wp\/v2\/pages"}],"about":[{"href":"https:\/\/emil.ee\/index.php?rest_route=\/wp\/v2\/types\/page"}],"author":[{"embeddable":true,"href":"https:\/\/emil.ee\/index.php?rest_route=\/wp\/v2\/users\/1"}],"replies":[{"embeddable":true,"href":"https:\/\/emil.ee\/index.php?rest_route=%2Fwp%2Fv2%2Fcomments&post=68"}],"version-history":[{"count":5,"href":"https:\/\/emil.ee\/index.php?rest_route=\/wp\/v2\/pages\/68\/revisions"}],"predecessor-version":[{"id":287,"href":"https:\/\/emil.ee\/index.php?rest_route=\/wp\/v2\/pages\/68\/revisions\/287"}],"up":[{"embeddable":true,"href":"https:\/\/emil.ee\/index.php?rest_route=\/wp\/v2\/pages\/50"}],"wp:attachment":[{"href":"https:\/\/emil.ee\/index.php?rest_route=%2Fwp%2Fv2%2Fmedia&parent=68"}],"curies":[{"name":"wp","href":"https:\/\/api.w.org\/{rel}","templated":true}]}}