{"id":76,"date":"2017-06-01T12:27:01","date_gmt":"2017-06-01T12:27:01","guid":{"rendered":"http:\/\/www.emil.ee\/?page_id=76"},"modified":"2025-02-19T10:06:41","modified_gmt":"2025-02-19T10:06:41","slug":"76-2","status":"publish","type":"page","link":"https:\/\/emil.ee\/?page_id=76","title":{"rendered":"Taotlemiseks vajalikud dokumendid"},"content":{"rendered":"<h4>Insenerikutse taotlemiseks vajalikud dokumendid<\/h4>\n<p>1. Sooviavaldused:<br \/>\u00a0\u00a0\u00a0 a) <a href=\"https:\/\/emil.ee\/wp-content\/uploads\/2024\/11\/Sooviavaldus_meh_ins.docx\" target=\"_blank\" rel=\"noopener\">Mehaanikainseneri kutse taotlemiseks\/taast\u00f5endamiseks<\/a><br \/>\u00a0\u00a0\u00a0 b) <a href=\"https:\/\/emil.ee\/wp-content\/uploads\/2024\/11\/Sooviavaldus_dipl_ins.docx\">Diplomeeritud mehaanikainseneri kutse taotlemiseks\/taast\u00f5endamiseks<\/a><br \/>\u00a0\u00a0\u00a0 c) <a href=\"https:\/\/emil.ee\/wp-content\/uploads\/2024\/11\/Sooviavaldus_vol_ins.docx\">Volitatud mehaanikainseneri kutse taotlemiseks\/taast\u00f5endamiseks<\/a><br \/>2.\u00a0Isikut t\u00f5endava dokumendi koopia<br \/>3.\u00a0K\u00f5rgharidust, vajadusel t\u00e4iendkoolitust ja varasemat kutsekvalifikatsiooni t\u00f5endavate dokumentide koopiad<br \/>4. Enesehinnang spetsialiseerumisega ja erialase t\u00f6\u00f6ga seotud tegevuste kohta (<a href=\"https:\/\/emil.ee\/wp-content\/uploads\/2018\/11\/Enesehinnangu-soovitatav-sisu.pdf\" target=\"_blank\" rel=\"noopener noreferrer\">soovitatav sisu<\/a>)<\/p>\n<p>Dokumendid saata digitaalallkirjastatult aadressile:\u00a0<a href=\"mailto:moonika.asu@ttu.ee?subject=Kutseomistamise%20dokumendid\">moonika.asu@taltech.ee<\/a><\/p>\n<p><strong>Enne dokumentide saatmist palume tasuda ka kutseomistamise tasu!<\/strong><\/p>\n\n\n<p><\/p>\n","protected":false},"excerpt":{"rendered":"<p>Insenerikutse taotlemiseks vajalikud dokumendid 1. Sooviavaldused:\u00a0\u00a0\u00a0 a) Mehaanikainseneri kutse taotlemiseks\/taast\u00f5endamiseks\u00a0\u00a0\u00a0 b) Diplomeeritud mehaanikainseneri kutse taotlemiseks\/taast\u00f5endamiseks\u00a0\u00a0\u00a0 c) Volitatud mehaanikainseneri kutse taotlemiseks\/taast\u00f5endamiseks2.\u00a0Isikut t\u00f5endava dokumendi koopia3.\u00a0K\u00f5rgharidust, vajadusel t\u00e4iendkoolitust ja varasemat kutsekvalifikatsiooni t\u00f5endavate dokumentide koopiad4. Enesehinnang spetsialiseerumisega ja erialase t\u00f6\u00f6ga seotud tegevuste kohta (soovitatav sisu) Dokumendid saata digitaalallkirjastatult aadressile:\u00a0moonika.asu@taltech.ee Enne dokumentide saatmist palume tasuda ka kutseomistamise tasu!<\/p>\n","protected":false},"author":1,"featured_media":0,"parent":50,"menu_order":0,"comment_status":"closed","ping_status":"closed","template":"","meta":{"footnotes":""},"class_list":["post-76","page","type-page","status-publish","hentry","post-preview"],"_links":{"self":[{"href":"https:\/\/emil.ee\/index.php?rest_route=\/wp\/v2\/pages\/76","targetHints":{"allow":["GET"]}}],"collection":[{"href":"https:\/\/emil.ee\/index.php?rest_route=\/wp\/v2\/pages"}],"about":[{"href":"https:\/\/emil.ee\/index.php?rest_route=\/wp\/v2\/types\/page"}],"author":[{"embeddable":true,"href":"https:\/\/emil.ee\/index.php?rest_route=\/wp\/v2\/users\/1"}],"replies":[{"embeddable":true,"href":"https:\/\/emil.ee\/index.php?rest_route=%2Fwp%2Fv2%2Fcomments&post=76"}],"version-history":[{"count":5,"href":"https:\/\/emil.ee\/index.php?rest_route=\/wp\/v2\/pages\/76\/revisions"}],"predecessor-version":[{"id":302,"href":"https:\/\/emil.ee\/index.php?rest_route=\/wp\/v2\/pages\/76\/revisions\/302"}],"up":[{"embeddable":true,"href":"https:\/\/emil.ee\/index.php?rest_route=\/wp\/v2\/pages\/50"}],"wp:attachment":[{"href":"https:\/\/emil.ee\/index.php?rest_route=%2Fwp%2Fv2%2Fmedia&parent=76"}],"curies":[{"name":"wp","href":"https:\/\/api.w.org\/{rel}","templated":true}]}}